{"id":8,"date":"2022-02-25T14:52:05","date_gmt":"2022-02-25T14:52:05","guid":{"rendered":"https:\/\/matankonyv.hu\/?page_id=8"},"modified":"2026-01-31T11:16:53","modified_gmt":"2026-01-31T11:16:53","slug":"adatkezelesi-tajekoztato","status":"publish","type":"page","link":"https:\/\/matankonyv.hu\/index.php\/adatkezelesi-tajekoztato\/","title":{"rendered":"Adatkezel\u00e9s"},"content":{"rendered":"\r\n<h2>Kik vagyunk<\/h2>\r\n\r\n\r\n\r\n<p><b>A Magyar Tank\u00f6nyv\u00e9rt K\u00f6zhaszn\u00fa Alap\u00edtv\u00e1ny. <\/b>A weboldalunk c\u00edme: https:\/\/matankonyv.hu.<\/p>\r\n\r\n\r\n\r\n\r\n\r\n<h2>S\u00fctik<\/h2>\r\n\r\n\r\n\r\n\r\n\r\n<p>Oldalunk s\u00fctiket haszn\u00e1l annak \u00e9rdek\u00e9ben, hogy \u00fajb\u00f3li visszat\u00e9r\u00e9skor felismerj\u00fck a kor\u00e1bbi l\u00e1togat\u00f3kat.<\/p>\r\n\r\n\r\n\r\n\r\n\r\n<h2>M\u00e1s honlapokr\u00f3l sz\u00e1rmaz\u00f3 be\u00e1gyazott tartalmak<\/h2>\r\n\r\n\r\n\r\n<p>A honlapon el\u00e9rhet\u0151 bejegyz\u00e9sek k\u00fcls\u0151 forr\u00e1sb\u00f3l sz\u00e1rmaz\u00f3 be\u00e1gyazott tartalmakat (pl. vide\u00f3k, k\u00e9pek, cikkek stb.) haszn\u00e1lhatnak. A k\u00fcls\u0151 forr\u00e1sb\u00f3l sz\u00e1rmaz\u00f3 be\u00e1gyazott tartalmak pontosan \u00fagy viselkednek, mintha megl\u00e1togattunk volna egy m\u00e1sik honlapot.<\/p>\r\n\r\n\r\n\r\n<p>Ezek a webhelyek lehets\u00e9ges, hogy adatot gy\u0171jtenek a l\u00e1togat\u00f3kr\u00f3l, s\u00fctiket vagy harmadik f\u00e9lt\u0151l sz\u00e1rmaz\u00f3 k\u00f6vet\u0151k\u00f3dot haszn\u00e1lnak, figyelik a be\u00e1gyazott tartalommal kapcsolatos felhaszn\u00e1l\u00f3i viselked\u00e9st, ha rendelkez\u00fcnk felhaszn\u00e1l\u00f3i fi\u00f3kkal \u00e9s be vagyunk jelentkezve az oldalra.<\/p>\r\n\r\n\r\n\r\n<h2>Kivel osztjuk meg a felhaszn\u00e1l\u00f3i adatokat<\/h2>\r\n\r\n\r\n\r\n<p>A felhaszn\u00e1l\u00f3i adatokat nem osztjuk meg harmadik f\u00e9llel.<\/p>\r\n\r\n\r\n\r\n\r\n\r\n<h2>Milyen jogokkal rendelkezik a felhaszn\u00e1l\u00f3 a saj\u00e1t adatai kapcs\u00e1n<\/h2>\r\n\r\n\r\n\r\n<p>K\u00e9rhet\u0151, hogy b\u00e1rmilyen kor\u00e1bban megadott szem\u00e9lyes adatot t\u00f6r\u00f6lj\u00fck. Ez nem vonatkozik azokra az adatokra, amelyeket adminisztr\u00e1ci\u00f3s, jogi vagy biztons\u00e1gi okokb\u00f3l k\u00f6telez\u0151 meg\u0151rizn\u00fcnk.<\/p>\r\n\r\n\r\n\r\n<p>&nbsp;<\/p>\r\n","protected":false},"excerpt":{"rendered":"<p>Kik vagyunk A Magyar Tank\u00f6nyv\u00e9rt K\u00f6zhaszn\u00fa Alap\u00edtv\u00e1ny. A weboldalunk c\u00edme: https:\/\/matankonyv.hu. S\u00fctik Oldalunk s\u00fctiket haszn\u00e1l annak \u00e9rdek\u00e9ben, hogy \u00fajb\u00f3li visszat\u00e9r\u00e9skor felismerj\u00fck a kor\u00e1bbi l\u00e1togat\u00f3kat. M\u00e1s honlapokr\u00f3l sz\u00e1rmaz\u00f3 be\u00e1gyazott tartalmak A honlapon el\u00e9rhet\u0151 bejegyz\u00e9sek k\u00fcls\u0151 forr\u00e1sb\u00f3l sz\u00e1rmaz\u00f3 be\u00e1gyazott tartalmakat (pl. vide\u00f3k, k\u00e9pek, cikkek stb.) haszn\u00e1lhatnak. A k\u00fcls\u0151 forr\u00e1sb\u00f3l sz\u00e1rmaz\u00f3 be\u00e1gyazott tartalmak pontosan \u00fagy viselkednek, mintha megl\u00e1togattunk [&hellip;]<\/p>\n","protected":false},"author":1,"featured_media":0,"parent":0,"menu_order":0,"comment_status":"closed","ping_status":"closed","template":"","meta":{"_et_pb_use_builder":"","_et_pb_old_content":"","_et_gb_content_width":""},"_links":{"self":[{"href":"https:\/\/matankonyv.hu\/index.php\/wp-json\/wp\/v2\/pages\/8"}],"collection":[{"href":"https:\/\/matankonyv.hu\/index.php\/wp-json\/wp\/v2\/pages"}],"about":[{"href":"https:\/\/matankonyv.hu\/index.php\/wp-json\/wp\/v2\/types\/page"}],"author":[{"embeddable":true,"href":"https:\/\/matankonyv.hu\/index.php\/wp-json\/wp\/v2\/users\/1"}],"replies":[{"embeddable":true,"href":"https:\/\/matankonyv.hu\/index.php\/wp-json\/wp\/v2\/comments?post=8"}],"version-history":[{"count":5,"href":"https:\/\/matankonyv.hu\/index.php\/wp-json\/wp\/v2\/pages\/8\/revisions"}],"predecessor-version":[{"id":428,"href":"https:\/\/matankonyv.hu\/index.php\/wp-json\/wp\/v2\/pages\/8\/revisions\/428"}],"wp:attachment":[{"href":"https:\/\/matankonyv.hu\/index.php\/wp-json\/wp\/v2\/media?parent=8"}],"curies":[{"name":"wp","href":"https:\/\/api.w.org\/{rel}","templated":true}]}}