{"id":166,"date":"2022-03-19T17:37:21","date_gmt":"2022-03-19T17:37:21","guid":{"rendered":"https:\/\/matankonyv.hu\/?page_id=166"},"modified":"2022-03-19T21:30:16","modified_gmt":"2022-03-19T21:30:16","slug":"adomanyozas","status":"publish","type":"page","link":"https:\/\/matankonyv.hu\/index.php\/adomanyozas\/","title":{"rendered":"Adom\u00e1nyoz\u00e1s"},"content":{"rendered":"<p>[et_pb_section fb_built=&#8221;1&#8243; _builder_version=&#8221;4.15.1&#8243; _module_preset=&#8221;default&#8221; custom_padding=&#8221;4px|||||&#8221; global_colors_info=&#8221;{}&#8221;][et_pb_row _builder_version=&#8221;4.15.1&#8243; _module_preset=&#8221;default&#8221; width=&#8221;100%&#8221; custom_margin=&#8221;3px|auto|-174px|auto|false|false&#8221; global_colors_info=&#8221;{}&#8221;][et_pb_column type=&#8221;4_4&#8243; _builder_version=&#8221;4.15.1&#8243; _module_preset=&#8221;default&#8221; global_colors_info=&#8221;{}&#8221;][et_pb_image src=&#8221;https:\/\/matankonyv.hu\/wp-content\/uploads\/2022\/03\/hands-gf86e04ae8_1920_opt.jpg&#8221; title_text=&#8221;hands-gf86e04ae8_1920_opt&#8221; _builder_version=&#8221;4.15.1&#8243; _module_preset=&#8221;default&#8221; custom_margin=&#8221;-45px|||||&#8221; global_colors_info=&#8221;{}&#8221;][\/et_pb_image][et_pb_text _builder_version=&#8221;4.15.1&#8243; _module_preset=&#8221;default&#8221; text_text_color=&#8221;#FFFFFF&#8221; header_text_color=&#8221;#FFFFFF&#8221; header_font_size=&#8221;70px&#8221; header_letter_spacing=&#8221;11px&#8221; transform_translate=&#8221;0px|-360px&#8221; transform_translate_linked=&#8221;off&#8221; hover_enabled=&#8221;0&#8243; global_colors_info=&#8221;{}&#8221; header_font_size_last_edited=&#8221;on|phone&#8221; header_font_size_phone=&#8221;32px&#8221; transform_styles_last_edited=&#8221;on|phone&#8221; transform_scale_last_edited=&#8221;on|phone&#8221; transform_translate_last_edited=&#8221;on|phone&#8221; transform_rotate_last_edited=&#8221;on|phone&#8221; transform_skew_last_edited=&#8221;on|phone&#8221; transform_origin_last_edited=&#8221;on|phone&#8221; transform_translate_phone=&#8221;0px|-125px&#8221; sticky_enabled=&#8221;0&#8243; header_font_size_tablet=&#8221;70px&#8221; transform_translate_tablet=&#8221;0px|-360px&#8221;]<\/p>\n<h1 style=\"text-align: center;\">Adom\u00e1nyok felaj\u00e1nl\u00e1sa<\/h1>\n<p>[\/et_pb_text][\/et_pb_column][\/et_pb_row][\/et_pb_section][et_pb_section fb_built=&#8221;1&#8243; _builder_version=&#8221;4.15.1&#8243; _module_preset=&#8221;default&#8221; global_colors_info=&#8221;{}&#8221;][et_pb_row column_structure=&#8221;1_2,1_2&#8243; _builder_version=&#8221;4.15.1&#8243; _module_preset=&#8221;default&#8221; global_colors_info=&#8221;{}&#8221;][et_pb_column type=&#8221;1_2&#8243; _builder_version=&#8221;4.15.1&#8243; _module_preset=&#8221;default&#8221; global_colors_info=&#8221;{}&#8221;][et_pb_image src=&#8221;https:\/\/matankonyv.hu\/wp-content\/uploads\/2022\/03\/money-g26031505c_640.jpg&#8221; title_text=&#8221;money-g26031505c_640&#8243; _builder_version=&#8221;4.15.1&#8243; _module_preset=&#8221;default&#8221; global_colors_info=&#8221;{}&#8221;][\/et_pb_image][\/et_pb_column][et_pb_column type=&#8221;1_2&#8243; _builder_version=&#8221;4.15.1&#8243; _module_preset=&#8221;default&#8221; global_colors_info=&#8221;{}&#8221;][et_pb_text _builder_version=&#8221;4.15.1&#8243; _module_preset=&#8221;default&#8221; header_font_size=&#8221;36px&#8221; header_2_font_size=&#8221;40px&#8221; custom_margin=&#8221;45px||||false|false&#8221; hover_enabled=&#8221;0&#8243; global_colors_info=&#8221;{}&#8221; custom_margin_last_edited=&#8221;on|phone&#8221; custom_margin_phone=&#8221;0px||||false|false&#8221; sticky_enabled=&#8221;0&#8243; custom_margin_tablet=&#8221;45px||||false|false&#8221;]<\/p>\n<h2 style=\"text-align: center;\">P\u00e9nzadom\u00e1ny felaj\u00e1nl\u00e1sa<\/h2>\n<p>[\/et_pb_text][et_pb_button button_url=&#8221;@ET-DC@eyJkeW5hbWljIjp0cnVlLCJjb250ZW50IjoicG9zdF9saW5rX3VybF9wYWdlIiwic2V0dGluZ3MiOnsicG9zdF9pZCI6IjIxOSJ9fQ==@&#8221; button_text=&#8221;Adom\u00e1nyoz\u00e1s&#8221; button_alignment=&#8221;center&#8221; _builder_version=&#8221;4.15.1&#8243; _dynamic_attributes=&#8221;button_url&#8221; _module_preset=&#8221;default&#8221; custom_button=&#8221;on&#8221; button_letter_spacing=&#8221;5px&#8221; button_use_icon=&#8221;off&#8221; custom_margin=&#8221;100px||||false|false&#8221; hover_enabled=&#8221;0&#8243; box_shadow_style=&#8221;preset2&#8243; global_colors_info=&#8221;{}&#8221; custom_margin_last_edited=&#8221;on|phone&#8221; custom_margin_phone=&#8221;0px||||false|false&#8221; sticky_enabled=&#8221;0&#8243; custom_margin_tablet=&#8221;100px||||false|false&#8221;][\/et_pb_button][\/et_pb_column][\/et_pb_row][et_pb_row column_structure=&#8221;1_2,1_2&#8243; _builder_version=&#8221;4.15.1&#8243; _module_preset=&#8221;default&#8221; global_colors_info=&#8221;{}&#8221;][et_pb_column type=&#8221;1_2&#8243; _builder_version=&#8221;4.15.1&#8243; _module_preset=&#8221;default&#8221; global_colors_info=&#8221;{}&#8221;][et_pb_text _builder_version=&#8221;4.15.1&#8243; _module_preset=&#8221;default&#8221; header_font_size=&#8221;36px&#8221; header_2_font_size=&#8221;40px&#8221; custom_margin=&#8221;45px||||false|false&#8221; hover_enabled=&#8221;0&#8243; global_colors_info=&#8221;{}&#8221; custom_margin_last_edited=&#8221;on|phone&#8221; custom_margin_phone=&#8221;72px||-89px||false|false&#8221; sticky_enabled=&#8221;0&#8243; custom_margin_tablet=&#8221;45px||||false|false&#8221;]<\/p>\n<h2 style=\"text-align: center;\">T\u00e1rgyi eszk\u00f6z felaj\u00e1nl\u00e1sa<\/h2>\n<p>[\/et_pb_text][et_pb_button button_url=&#8221;@ET-DC@eyJkeW5hbWljIjp0cnVlLCJjb250ZW50IjoicG9zdF9saW5rX3VybF9wYWdlIiwic2V0dGluZ3MiOnsicG9zdF9pZCI6IjE4OCJ9fQ==@&#8221; button_text=&#8221;Adom\u00e1nyoz\u00e1s&#8221; button_alignment=&#8221;center&#8221; _builder_version=&#8221;4.15.1&#8243; _dynamic_attributes=&#8221;button_url&#8221; _module_preset=&#8221;default&#8221; custom_button=&#8221;on&#8221; button_letter_spacing=&#8221;5px&#8221; button_use_icon=&#8221;off&#8221; custom_margin=&#8221;100px||||false|false&#8221; box_shadow_style=&#8221;preset2&#8243; global_colors_info=&#8221;{}&#8221;][\/et_pb_button][\/et_pb_column][et_pb_column type=&#8221;1_2&#8243; _builder_version=&#8221;4.15.1&#8243; _module_preset=&#8221;default&#8221; global_colors_info=&#8221;{}&#8221;][et_pb_image src=&#8221;https:\/\/matankonyv.hu\/wp-content\/uploads\/2022\/03\/investment-g7b339b68c_640.jpg&#8221; title_text=&#8221;investment-g7b339b68c_640&#8243; _builder_version=&#8221;4.15.1&#8243; _module_preset=&#8221;default&#8221; global_colors_info=&#8221;{}&#8221;][\/et_pb_image][\/et_pb_column][\/et_pb_row][\/et_pb_section]<\/p>\n","protected":false},"excerpt":{"rendered":"<p>Adom\u00e1nyok felaj\u00e1nl\u00e1saP\u00e9nzadom\u00e1ny felaj\u00e1nl\u00e1saT\u00e1rgyi eszk\u00f6z felaj\u00e1nl\u00e1sa<\/p>\n","protected":false},"author":1,"featured_media":0,"parent":0,"menu_order":0,"comment_status":"closed","ping_status":"closed","template":"","meta":{"_et_pb_use_builder":"on","_et_pb_old_content":"","_et_gb_content_width":""},"_links":{"self":[{"href":"https:\/\/matankonyv.hu\/index.php\/wp-json\/wp\/v2\/pages\/166"}],"collection":[{"href":"https:\/\/matankonyv.hu\/index.php\/wp-json\/wp\/v2\/pages"}],"about":[{"href":"https:\/\/matankonyv.hu\/index.php\/wp-json\/wp\/v2\/types\/page"}],"author":[{"embeddable":true,"href":"https:\/\/matankonyv.hu\/index.php\/wp-json\/wp\/v2\/users\/1"}],"replies":[{"embeddable":true,"href":"https:\/\/matankonyv.hu\/index.php\/wp-json\/wp\/v2\/comments?post=166"}],"version-history":[{"count":13,"href":"https:\/\/matankonyv.hu\/index.php\/wp-json\/wp\/v2\/pages\/166\/revisions"}],"predecessor-version":[{"id":301,"href":"https:\/\/matankonyv.hu\/index.php\/wp-json\/wp\/v2\/pages\/166\/revisions\/301"}],"wp:attachment":[{"href":"https:\/\/matankonyv.hu\/index.php\/wp-json\/wp\/v2\/media?parent=166"}],"curies":[{"name":"wp","href":"https:\/\/api.w.org\/{rel}","templated":true}]}}